{"id":11980,"date":"2025-09-08T11:50:38","date_gmt":"2025-09-08T16:50:38","guid":{"rendered":"https:\/\/distritex.com\/?page_id=11980"},"modified":"2025-09-08T11:51:09","modified_gmt":"2025-09-08T16:51:09","slug":"servicio-al-cliente","status":"publish","type":"page","link":"https:\/\/distritex.com\/index.php\/servicio-al-cliente\/","title":{"rendered":"Servicio al Cliente"},"content":{"rendered":"\t\t<div data-elementor-type=\"wp-page\" data-elementor-id=\"11980\" class=\"elementor elementor-11980\">\n\t\t\t\t<div class=\"elementor-element elementor-element-429d5ce7 e-flex e-con-boxed e-con e-parent\" data-id=\"429d5ce7\" data-element_type=\"container\">\n\t\t\t\t\t<div class=\"e-con-inner\">\n\t\t\t\t<div class=\"elementor-element elementor-element-1641346e elementor-widget elementor-widget-text-editor\" data-id=\"1641346e\" data-element_type=\"widget\" data-widget_type=\"text-editor.default\">\n\t\t\t\t<div class=\"elementor-widget-container\">\n\t\t\t\t\t\t\t\t\t<p>En Distritex creemos en la importancia de mantenernos siempre cerca de nuestros clientes. Queremos que te sientas acompa\u00f1ado en cada etapa de tu compra: desde la elecci\u00f3n del producto hasta el momento en que lo recibes y lo disfrutas.<\/p><p>Si necesitas asesor\u00eda, tienes alguna duda, deseas solicitar un cambio o simplemente quieres informaci\u00f3n sobre nuestros productos, puedes comunicarte con nosotros a trav\u00e9s de los siguientes canales oficiales:<\/p><ul><li><strong>WhatsApp:<\/strong> 320 467 6783<\/li><li><strong>Instagram DM:<\/strong> @distritex_col<\/li><li><strong>Correo electr\u00f3nico:<\/strong> distritexc@gmail.com<\/li><\/ul><p>Nuestro horario de atenci\u00f3n es de <strong>lunes a s\u00e1bado, de 9:00 a.m. a 7:00 p.m.<\/strong> Durante este tiempo, nuestro equipo estar\u00e1 disponible para responderte de manera \u00e1gil y brindarte la mejor soluci\u00f3n.<\/p><p>\u2728 En Distritex trabajamos d\u00eda a d\u00eda para ofrecerte calidad, confianza y respaldo. Tu satisfacci\u00f3n es nuestro mayor compromiso y cada compra que haces es la oportunidad de demostrarte por qu\u00e9 somos tu mejor elecci\u00f3n.<\/p>\t\t\t\t\t\t\t\t<\/div>\n\t\t\t\t<\/div>\n\t\t\t\t\t<\/div>\n\t\t\t\t<\/div>\n\t\t\t\t<\/div>\n\t\t","protected":false},"excerpt":{"rendered":"<p>En Distritex creemos en la importancia de mantenernos siempre cerca de nuestros clientes. Queremos que te sientas acompa\u00f1ado en cada etapa de tu compra: desde la elecci\u00f3n del producto hasta el momento en que lo recibes y lo disfrutas. Si necesitas asesor\u00eda, tienes alguna duda, deseas solicitar un cambio o simplemente quieres informaci\u00f3n sobre nuestros [&hellip;]<\/p>\n","protected":false},"author":1,"featured_media":0,"parent":0,"menu_order":0,"comment_status":"closed","ping_status":"closed","template":"","meta":{"footnotes":""},"class_list":["post-11980","page","type-page","status-publish","hentry"],"_links":{"self":[{"href":"https:\/\/distritex.com\/index.php\/wp-json\/wp\/v2\/pages\/11980","targetHints":{"allow":["GET"]}}],"collection":[{"href":"https:\/\/distritex.com\/index.php\/wp-json\/wp\/v2\/pages"}],"about":[{"href":"https:\/\/distritex.com\/index.php\/wp-json\/wp\/v2\/types\/page"}],"author":[{"embeddable":true,"href":"https:\/\/distritex.com\/index.php\/wp-json\/wp\/v2\/users\/1"}],"replies":[{"embeddable":true,"href":"https:\/\/distritex.com\/index.php\/wp-json\/wp\/v2\/comments?post=11980"}],"version-history":[{"count":4,"href":"https:\/\/distritex.com\/index.php\/wp-json\/wp\/v2\/pages\/11980\/revisions"}],"predecessor-version":[{"id":11984,"href":"https:\/\/distritex.com\/index.php\/wp-json\/wp\/v2\/pages\/11980\/revisions\/11984"}],"wp:attachment":[{"href":"https:\/\/distritex.com\/index.php\/wp-json\/wp\/v2\/media?parent=11980"}],"curies":[{"name":"wp","href":"https:\/\/api.w.org\/{rel}","templated":true}]}}